{"id":10,"date":"2018-12-03T15:10:20","date_gmt":"2018-12-03T15:10:20","guid":{"rendered":"https:\/\/logopaediebirgitthuebner.wordpress.com\/?page_id=5"},"modified":"2020-05-07T07:42:01","modified_gmt":"2020-05-07T07:42:01","slug":"startseite","status":"publish","type":"page","link":"https:\/\/xn--birgitthbner-logopdin-n2b55c.de\/","title":{"rendered":"Home"},"content":{"rendered":"\n\n\n<div class=\"wp-block-columns is-layout-flex wp-container-core-columns-is-layout-9d6595d7 wp-block-columns-is-layout-flex\">\n<div class=\"wp-block-column is-layout-flow wp-block-column-is-layout-flow\">\n<p>Bei <strong><em>Kindertherapien<\/em><\/strong> werden die Eltern intensiv ins therapeutische Geschehen mit einbezogen. <!--more weiter lesen... -->Dadurch entsteht eine gr\u00f6\u00dfere Sicherheit im Umgang mit der Sprachbeeintr\u00e4chtigung ihres Kindes. H\u00e4ufig steht nicht mehr nur das Problem im Vordergrund, sondern Aktivit\u00e4ten, die die Sprache und das Sprechen des Kindes f\u00f6rdern und die gleichzeitig Freude bereiten und faszinierend sind.<\/p>\n<\/div>\n\n\n\n<div class=\"wp-block-column is-layout-flow wp-block-column-is-layout-flow\">\n<p>In der <strong><em>Therapie mit Jugendlichen und Erwachsenen<\/em><\/strong> ist es mir wichtig gemeinsam mit <!--more weiter lesen-->meinen Patienten Aktivit\u00e4ten zu planen und durchzuf\u00fchren, die die eigene Wahrnehmung erweitern und bewusst machen wie das eigene Sprechen funktioniert, die eigene Stimme klingt. Daraus ergeben sich neue wohltuendere Verhaltensweisen f\u00fcr Stimme , Sprache und Sprechen. H\u00e4ufig werden in diesem Prozess Grenzen erweitert und neue M\u00f6glichkeiten entdeckt.<\/p>\n<\/div>\n<\/div>\n\n\n\n<p>Ich verstehe meine Arbeit ganzheitlich und individuell auf die Bed\u00fcrfnisse des Einzelnen ausgerichtet. <br>Falls Sie noch Fragen haben rufen Sie doch einfach an, oder wenden Sie sich \u00fcber das Kontaktformular an mich.<\/p>\n\n\n\n<p>Ich freue mich Sie in meiner Praxis begr\u00fc\u00dfen zu d\u00fcrfen.<\/p>\n","protected":false},"excerpt":{"rendered":"<p>Bei Kindertherapien werden die Eltern intensiv ins therapeutische Geschehen mit einbezogen. Bei Kindertherapien werden die Eltern intensiv ins therapeutische Geschehen mit einbezogen. Bei Kindertherapien werden die Eltern intensiv ins therapeutische Geschehen mit einbezogen. Bei Kindertherapien werden die Eltern intensiv ins therapeutische Geschehen mit einbezogen. Bei Kindertherapien werden die Eltern intensiv ins therapeutische Geschehen mit einbezogen. &hellip; <a href=\"https:\/\/xn--birgitthbner-logopdin-n2b55c.de\/\" class=\"more-link\"><span class=\"screen-reader-text\">Home<\/span> weiterlesen<\/a><\/p>\n","protected":false},"author":1,"featured_media":0,"parent":0,"menu_order":1,"comment_status":"closed","ping_status":"closed","template":"","meta":{"footnotes":""},"class_list":["post-10","page","type-page","status-publish","hentry"],"yoast_head":"<!-- This site is optimized with the Yoast SEO plugin v26.4 - https:\/\/yoast.com\/wordpress\/plugins\/seo\/ -->\n<title>Home - Birgitt H\u00fcbner<\/title>\n<meta name=\"description\" content=\"Logop\u00e4die-Praxis Birgitt H\u00fcbner in Karlsruhe, Oststadt. Begleitung, Beratung und Behandlung von Kindern, Jugendlichen und Erwachsenen mit Sprech- Sprach-, Schluck-, und Stimmst\u00f6rungen seit 30 Jahren.\" \/>\n<meta name=\"robots\" content=\"index, follow, max-snippet:-1, max-image-preview:large, max-video-preview:-1\" \/>\n<link rel=\"canonical\" href=\"https:\/\/xn--birgitthbner-logopdin-n2b55c.de\/\" \/>\n<meta property=\"og:locale\" content=\"de_DE\" \/>\n<meta property=\"og:type\" content=\"article\" \/>\n<meta property=\"og:title\" content=\"Home - Birgitt H\u00fcbner\" \/>\n<meta property=\"og:description\" content=\"Logop\u00e4die-Praxis Birgitt H\u00fcbner in Karlsruhe, Oststadt. Begleitung, Beratung und Behandlung von Kindern, Jugendlichen und Erwachsenen mit Sprech- Sprach-, Schluck-, und Stimmst\u00f6rungen seit 30 Jahren.\" \/>\n<meta property=\"og:url\" content=\"https:\/\/xn--birgitthbner-logopdin-n2b55c.de\/\" \/>\n<meta property=\"og:site_name\" content=\"Birgitt H\u00fcbner\" \/>\n<meta property=\"article:modified_time\" content=\"2020-05-07T07:42:01+00:00\" \/>\n<meta name=\"twitter:card\" content=\"summary_large_image\" \/>\n<meta name=\"twitter:label1\" content=\"Gesch\u00e4tzte Lesezeit\" \/>\n\t<meta name=\"twitter:data1\" content=\"1\u00a0Minute\" \/>\n<script type=\"application\/ld+json\" class=\"yoast-schema-graph\">{\"@context\":\"https:\/\/schema.org\",\"@graph\":[{\"@type\":\"WebPage\",\"@id\":\"https:\/\/xn--birgitthbner-logopdin-n2b55c.de\/\",\"url\":\"https:\/\/xn--birgitthbner-logopdin-n2b55c.de\/\",\"name\":\"Home - Birgitt H\u00fcbner\",\"isPartOf\":{\"@id\":\"https:\/\/xn--birgitthbner-logopdin-n2b55c.de\/#website\"},\"datePublished\":\"2018-12-03T15:10:20+00:00\",\"dateModified\":\"2020-05-07T07:42:01+00:00\",\"description\":\"Logop\u00e4die-Praxis Birgitt H\u00fcbner in Karlsruhe, Oststadt. Begleitung, Beratung und Behandlung von Kindern, Jugendlichen und Erwachsenen mit Sprech- Sprach-, Schluck-, und Stimmst\u00f6rungen seit 30 Jahren.\",\"breadcrumb\":{\"@id\":\"https:\/\/xn--birgitthbner-logopdin-n2b55c.de\/#breadcrumb\"},\"inLanguage\":\"de\",\"potentialAction\":[{\"@type\":\"ReadAction\",\"target\":[\"https:\/\/xn--birgitthbner-logopdin-n2b55c.de\/\"]}]},{\"@type\":\"BreadcrumbList\",\"@id\":\"https:\/\/xn--birgitthbner-logopdin-n2b55c.de\/#breadcrumb\",\"itemListElement\":[{\"@type\":\"ListItem\",\"position\":1,\"name\":\"Home\",\"item\":\"https:\/\/xn--birgitthbner-logopdin-n2b55c.de\/\"},{\"@type\":\"ListItem\",\"position\":2,\"name\":\"Home\"}]},{\"@type\":\"WebSite\",\"@id\":\"https:\/\/xn--birgitthbner-logopdin-n2b55c.de\/#website\",\"url\":\"https:\/\/xn--birgitthbner-logopdin-n2b55c.de\/\",\"name\":\"Birgitt H\u00fcbner\",\"description\":\"Logop\u00e4die Praxis\",\"publisher\":{\"@id\":\"https:\/\/xn--birgitthbner-logopdin-n2b55c.de\/#organization\"},\"potentialAction\":[{\"@type\":\"SearchAction\",\"target\":{\"@type\":\"EntryPoint\",\"urlTemplate\":\"https:\/\/xn--birgitthbner-logopdin-n2b55c.de\/?s={search_term_string}\"},\"query-input\":{\"@type\":\"PropertyValueSpecification\",\"valueRequired\":true,\"valueName\":\"search_term_string\"}}],\"inLanguage\":\"de\"},{\"@type\":\"Organization\",\"@id\":\"https:\/\/xn--birgitthbner-logopdin-n2b55c.de\/#organization\",\"name\":\"Birgitt H\u00fcbner\",\"url\":\"https:\/\/xn--birgitthbner-logopdin-n2b55c.de\/\",\"logo\":{\"@type\":\"ImageObject\",\"inLanguage\":\"de\",\"@id\":\"https:\/\/xn--birgitthbner-logopdin-n2b55c.de\/#\/schema\/logo\/image\/\",\"url\":\"https:\/\/xn--birgitthbner-logopdin-n2b55c.de\/wp-content\/uploads\/2019\/07\/cropped-cropped-2019-6-LPBH-Signet-9.png\",\"contentUrl\":\"https:\/\/xn--birgitthbner-logopdin-n2b55c.de\/wp-content\/uploads\/2019\/07\/cropped-cropped-2019-6-LPBH-Signet-9.png\",\"width\":390,\"height\":300,\"caption\":\"Birgitt H\u00fcbner\"},\"image\":{\"@id\":\"https:\/\/xn--birgitthbner-logopdin-n2b55c.de\/#\/schema\/logo\/image\/\"}}]}<\/script>\n<!-- \/ Yoast SEO plugin. -->","yoast_head_json":{"title":"Home - Birgitt H\u00fcbner","description":"Logop\u00e4die-Praxis Birgitt H\u00fcbner in Karlsruhe, Oststadt. Begleitung, Beratung und Behandlung von Kindern, Jugendlichen und Erwachsenen mit Sprech- Sprach-, Schluck-, und Stimmst\u00f6rungen seit 30 Jahren.","robots":{"index":"index","follow":"follow","max-snippet":"max-snippet:-1","max-image-preview":"max-image-preview:large","max-video-preview":"max-video-preview:-1"},"canonical":"https:\/\/xn--birgitthbner-logopdin-n2b55c.de\/","og_locale":"de_DE","og_type":"article","og_title":"Home - Birgitt H\u00fcbner","og_description":"Logop\u00e4die-Praxis Birgitt H\u00fcbner in Karlsruhe, Oststadt. Begleitung, Beratung und Behandlung von Kindern, Jugendlichen und Erwachsenen mit Sprech- Sprach-, Schluck-, und Stimmst\u00f6rungen seit 30 Jahren.","og_url":"https:\/\/xn--birgitthbner-logopdin-n2b55c.de\/","og_site_name":"Birgitt H\u00fcbner","article_modified_time":"2020-05-07T07:42:01+00:00","twitter_card":"summary_large_image","twitter_misc":{"Gesch\u00e4tzte Lesezeit":"1\u00a0Minute"},"schema":{"@context":"https:\/\/schema.org","@graph":[{"@type":"WebPage","@id":"https:\/\/xn--birgitthbner-logopdin-n2b55c.de\/","url":"https:\/\/xn--birgitthbner-logopdin-n2b55c.de\/","name":"Home - Birgitt H\u00fcbner","isPartOf":{"@id":"https:\/\/xn--birgitthbner-logopdin-n2b55c.de\/#website"},"datePublished":"2018-12-03T15:10:20+00:00","dateModified":"2020-05-07T07:42:01+00:00","description":"Logop\u00e4die-Praxis Birgitt H\u00fcbner in Karlsruhe, Oststadt. Begleitung, Beratung und Behandlung von Kindern, Jugendlichen und Erwachsenen mit Sprech- Sprach-, Schluck-, und Stimmst\u00f6rungen seit 30 Jahren.","breadcrumb":{"@id":"https:\/\/xn--birgitthbner-logopdin-n2b55c.de\/#breadcrumb"},"inLanguage":"de","potentialAction":[{"@type":"ReadAction","target":["https:\/\/xn--birgitthbner-logopdin-n2b55c.de\/"]}]},{"@type":"BreadcrumbList","@id":"https:\/\/xn--birgitthbner-logopdin-n2b55c.de\/#breadcrumb","itemListElement":[{"@type":"ListItem","position":1,"name":"Home","item":"https:\/\/xn--birgitthbner-logopdin-n2b55c.de\/"},{"@type":"ListItem","position":2,"name":"Home"}]},{"@type":"WebSite","@id":"https:\/\/xn--birgitthbner-logopdin-n2b55c.de\/#website","url":"https:\/\/xn--birgitthbner-logopdin-n2b55c.de\/","name":"Birgitt H\u00fcbner","description":"Logop\u00e4die Praxis","publisher":{"@id":"https:\/\/xn--birgitthbner-logopdin-n2b55c.de\/#organization"},"potentialAction":[{"@type":"SearchAction","target":{"@type":"EntryPoint","urlTemplate":"https:\/\/xn--birgitthbner-logopdin-n2b55c.de\/?s={search_term_string}"},"query-input":{"@type":"PropertyValueSpecification","valueRequired":true,"valueName":"search_term_string"}}],"inLanguage":"de"},{"@type":"Organization","@id":"https:\/\/xn--birgitthbner-logopdin-n2b55c.de\/#organization","name":"Birgitt H\u00fcbner","url":"https:\/\/xn--birgitthbner-logopdin-n2b55c.de\/","logo":{"@type":"ImageObject","inLanguage":"de","@id":"https:\/\/xn--birgitthbner-logopdin-n2b55c.de\/#\/schema\/logo\/image\/","url":"https:\/\/xn--birgitthbner-logopdin-n2b55c.de\/wp-content\/uploads\/2019\/07\/cropped-cropped-2019-6-LPBH-Signet-9.png","contentUrl":"https:\/\/xn--birgitthbner-logopdin-n2b55c.de\/wp-content\/uploads\/2019\/07\/cropped-cropped-2019-6-LPBH-Signet-9.png","width":390,"height":300,"caption":"Birgitt H\u00fcbner"},"image":{"@id":"https:\/\/xn--birgitthbner-logopdin-n2b55c.de\/#\/schema\/logo\/image\/"}}]}},"_links":{"self":[{"href":"https:\/\/xn--birgitthbner-logopdin-n2b55c.de\/index.php?rest_route=\/wp\/v2\/pages\/10","targetHints":{"allow":["GET"]}}],"collection":[{"href":"https:\/\/xn--birgitthbner-logopdin-n2b55c.de\/index.php?rest_route=\/wp\/v2\/pages"}],"about":[{"href":"https:\/\/xn--birgitthbner-logopdin-n2b55c.de\/index.php?rest_route=\/wp\/v2\/types\/page"}],"author":[{"embeddable":true,"href":"https:\/\/xn--birgitthbner-logopdin-n2b55c.de\/index.php?rest_route=\/wp\/v2\/users\/1"}],"replies":[{"embeddable":true,"href":"https:\/\/xn--birgitthbner-logopdin-n2b55c.de\/index.php?rest_route=%2Fwp%2Fv2%2Fcomments&post=10"}],"version-history":[{"count":2,"href":"https:\/\/xn--birgitthbner-logopdin-n2b55c.de\/index.php?rest_route=\/wp\/v2\/pages\/10\/revisions"}],"predecessor-version":[{"id":392,"href":"https:\/\/xn--birgitthbner-logopdin-n2b55c.de\/index.php?rest_route=\/wp\/v2\/pages\/10\/revisions\/392"}],"wp:attachment":[{"href":"https:\/\/xn--birgitthbner-logopdin-n2b55c.de\/index.php?rest_route=%2Fwp%2Fv2%2Fmedia&parent=10"}],"curies":[{"name":"wp","href":"https:\/\/api.w.org\/{rel}","templated":true}]}}