{"id":8,"date":"2018-12-03T15:10:23","date_gmt":"2018-12-03T15:10:23","guid":{"rendered":"https:\/\/logopaediebirgitthuebner.wordpress.com\/?page_id=2"},"modified":"2023-02-20T09:52:59","modified_gmt":"2023-02-20T09:52:59","slug":"ueber","status":"publish","type":"page","link":"https:\/\/xn--birgitthbner-logopdin-n2b55c.de\/?page_id=8","title":{"rendered":"\u00dcber Mich"},"content":{"rendered":"\n<div class=\"wp-block-columns is-layout-flex wp-container-core-columns-is-layout-9d6595d7 wp-block-columns-is-layout-flex\">\n<div class=\"wp-block-column is-layout-flow wp-block-column-is-layout-flow\">\n<h4>\u00a0Ausbildung<\/h4>\n<ul>\n<li>Abitur<\/li>\n<li>Ausbildung zur Logop\u00e4din, Saarbr\u00fccken<\/li>\n<li>Logop\u00e4din in der logop\u00e4dischen Ambulanz Rehabilitationszentrum Karlsruhe<\/li>\n<li>eigene Praxis seit 1990<\/li>\n<li>Gespr\u00e4chsf\u00fchrung nach Milton H. Erickson 2010<\/li>\n<li>Ausbildung zur Qigong-Lehrerin <br \/>2010-2012 &#8211; Ausbildungs- und Lehrinstitut Centre Qigong Bernhard Meier, Karlsruhe<\/li>\n<li>Ausbildung in angewandter Atemtherapie nach Irene Labryga 2022<\/li>\n<\/ul>\n<\/div>\n\n\n\n<div class=\"wp-block-column is-layout-flow wp-block-column-is-layout-flow\">\n<h4>Fortbildungen \/ Zusatzausbildungen<\/h4>\n<p>2022<\/p>\n<p>Ausbildung zur Atemtherapeutin in &#8222;angwandter Atemtherapie&#8220;, Irene Labryga<\/p>\n<p>2021<\/p>\n<p>Therapie des Stotterns durch Fluency Shaping, Holger Pr\u00fcss<\/p>\n<p>Online Fortbildung &#8222;Abenteuer Stottern&#8220;, \u00a0\u00a0\u00a0\u00a0 Dr. Wolfgang Wendlandt<\/p>\n<p>Online Fortbildung Verbale Entwicklungsdyspraxie, Christoph Marks-Wilhelm<\/p>\n<p>\u00a0<\/p>\n<p>2020<\/p>\n<p>ShenDo Shiatsu Basiskurs bei Karin Stark-Schwehn<\/p>\n<p>2016 -2018 <br \/>K\u00f6rperorientierte Stimmbildung, Funktionales Stimmtraining\u00a0 und Feldenkrais nach Franziskus Rohmert &#8211; Berufsbegleitende Weiterbildung &#8211; Franziskus Rohmert, Passau<\/p>\n<p>2010 &#8211; 2011 <br \/>Gewaltfreie Kommunikation nach Marshall B. Rosenberg &#8211; Berufsbegleitende Weiterbildung\u00a0 -DIALOG G\u00fcnther Herold und Linda Pfannhauser, T\u00fcbingen<\/p>\n<p>2006-2010 <br \/>Gespr\u00e4chsf\u00fchrung nach Milton H. Erickson &#8211; Berufsbegleitende Weiterbildung mit Zertifikat &#8211; Milton Erickson Gesellschaft M.E.G. Rottweil und Heidelberg<\/p>\n<p>2006-2007 <br \/>Sprachf\u00f6rderung nach PD Dr. Penner &#8211; Weiterbildung zur Fachtherapeutin &#8211; (KONLAB) Quest-Akademie, Heidelberg<\/p>\n<p>2005 <br \/>Fortbildung &#8222;KIDS- direkte Therapie mit stotternden Kindern&#8220; Sandrieser und Schneider, Koblenz<\/p>\n<p>1998 <br \/>Fortbildung &#8222;H\u00f6rtraining und Klangtherapie nach Minning&#8220;, Institut Audiva, L\u00f6rrach<\/p>\n<p>1997 <br \/>Teilnahme 4. ivs-Stotterkonferenz, Darmstadt<\/p>\n<p>1996 <br \/>Seminar &#8222;Neue Wege in der Dysgrammatismusarbeit&#8220;\u00a0 A. Collings<\/p>\n<p>1995 Seminar &#8222;Braingym 1&#8220; Ruland Mollien, Bad Herrenalb<\/p>\n<p>1995 Hospitation &#8222;Intensive Intervalltherapie nach Charles van Riper&#8220; &#8211; Andreas Starke, Hamburg<\/p>\n<p>1994 Schnupperkurs &#8222;Theraplay&#8220;, Seminar &#8222;Umgang mit den Eltern&#8220;<br \/>Ulrike Franke, Heidelberg<\/p>\n<p>1989 Grundkurs orofaziale Regulationstherapie nach Castillo Morales, M\u00fcnchen<\/p>\n<\/div>\n<\/div>\n","protected":false},"excerpt":{"rendered":"<p>\u00a0Ausbildung Abitur Ausbildung zur Logop\u00e4din, Saarbr\u00fccken Logop\u00e4din in der logop\u00e4dischen Ambulanz Rehabilitationszentrum Karlsruhe eigene Praxis seit 1990 Gespr\u00e4chsf\u00fchrung nach Milton H. Erickson 2010 Ausbildung zur Qigong-Lehrerin 2010-2012 &#8211; Ausbildungs- und Lehrinstitut Centre Qigong Bernhard Meier, Karlsruhe Ausbildung in angewandter Atemtherapie nach Irene Labryga 2022 Fortbildungen \/ Zusatzausbildungen 2022 Ausbildung zur Atemtherapeutin in &#8222;angwandter Atemtherapie&#8220;, Irene &hellip; <a href=\"https:\/\/xn--birgitthbner-logopdin-n2b55c.de\/?page_id=8\" class=\"more-link\"><span class=\"screen-reader-text\">\u00dcber Mich<\/span> weiterlesen<\/a><\/p>\n","protected":false},"author":1,"featured_media":159,"parent":0,"menu_order":1,"comment_status":"closed","ping_status":"closed","template":"","meta":{"footnotes":""},"class_list":["post-8","page","type-page","status-publish","has-post-thumbnail","hentry"],"yoast_head":"<!-- This site is optimized with the Yoast SEO plugin v26.4 - https:\/\/yoast.com\/wordpress\/plugins\/seo\/ -->\n<title>\u00dcber Mich - Birgitt H\u00fcbner<\/title>\n<meta name=\"robots\" content=\"index, follow, max-snippet:-1, max-image-preview:large, max-video-preview:-1\" \/>\n<link rel=\"canonical\" href=\"https:\/\/xn--birgitthbner-logopdin-n2b55c.de\/?page_id=8\" \/>\n<meta property=\"og:locale\" content=\"de_DE\" \/>\n<meta property=\"og:type\" content=\"article\" \/>\n<meta property=\"og:title\" content=\"\u00dcber Mich - Birgitt H\u00fcbner\" \/>\n<meta property=\"og:description\" content=\"\u00a0Ausbildung Abitur Ausbildung zur Logop\u00e4din, Saarbr\u00fccken Logop\u00e4din in der logop\u00e4dischen Ambulanz Rehabilitationszentrum Karlsruhe eigene Praxis seit 1990 Gespr\u00e4chsf\u00fchrung nach Milton H. Erickson 2010 Ausbildung zur Qigong-Lehrerin 2010-2012 &#8211; Ausbildungs- und Lehrinstitut Centre Qigong Bernhard Meier, Karlsruhe Ausbildung in angewandter Atemtherapie nach Irene Labryga 2022 Fortbildungen \/ Zusatzausbildungen 2022 Ausbildung zur Atemtherapeutin in &#8222;angwandter Atemtherapie&#8220;, Irene &hellip; \u00dcber Mich weiterlesen\" \/>\n<meta property=\"og:url\" content=\"https:\/\/xn--birgitthbner-logopdin-n2b55c.de\/?page_id=8\" \/>\n<meta property=\"og:site_name\" content=\"Birgitt H\u00fcbner\" \/>\n<meta property=\"article:modified_time\" content=\"2023-02-20T09:52:59+00:00\" \/>\n<meta property=\"og:image\" content=\"https:\/\/xn--birgitthbner-logopdin-n2b55c.de\/wp-content\/uploads\/2019\/07\/Portrait-BirgittHuebner.jpg\" \/>\n\t<meta property=\"og:image:width\" content=\"2362\" \/>\n\t<meta property=\"og:image:height\" content=\"1260\" \/>\n\t<meta property=\"og:image:type\" content=\"image\/jpeg\" \/>\n<meta name=\"twitter:card\" content=\"summary_large_image\" \/>\n<meta name=\"twitter:label1\" content=\"Gesch\u00e4tzte Lesezeit\" \/>\n\t<meta name=\"twitter:data1\" content=\"2\u00a0Minuten\" \/>\n<script type=\"application\/ld+json\" class=\"yoast-schema-graph\">{\"@context\":\"https:\/\/schema.org\",\"@graph\":[{\"@type\":\"WebPage\",\"@id\":\"https:\/\/xn--birgitthbner-logopdin-n2b55c.de\/?page_id=8\",\"url\":\"https:\/\/xn--birgitthbner-logopdin-n2b55c.de\/?page_id=8\",\"name\":\"\u00dcber Mich - Birgitt H\u00fcbner\",\"isPartOf\":{\"@id\":\"https:\/\/xn--birgitthbner-logopdin-n2b55c.de\/#website\"},\"primaryImageOfPage\":{\"@id\":\"https:\/\/xn--birgitthbner-logopdin-n2b55c.de\/?page_id=8#primaryimage\"},\"image\":{\"@id\":\"https:\/\/xn--birgitthbner-logopdin-n2b55c.de\/?page_id=8#primaryimage\"},\"thumbnailUrl\":\"https:\/\/xn--birgitthbner-logopdin-n2b55c.de\/wp-content\/uploads\/2019\/07\/Portrait-BirgittHuebner.jpg\",\"datePublished\":\"2018-12-03T15:10:23+00:00\",\"dateModified\":\"2023-02-20T09:52:59+00:00\",\"breadcrumb\":{\"@id\":\"https:\/\/xn--birgitthbner-logopdin-n2b55c.de\/?page_id=8#breadcrumb\"},\"inLanguage\":\"de\",\"potentialAction\":[{\"@type\":\"ReadAction\",\"target\":[\"https:\/\/xn--birgitthbner-logopdin-n2b55c.de\/?page_id=8\"]}]},{\"@type\":\"ImageObject\",\"inLanguage\":\"de\",\"@id\":\"https:\/\/xn--birgitthbner-logopdin-n2b55c.de\/?page_id=8#primaryimage\",\"url\":\"https:\/\/xn--birgitthbner-logopdin-n2b55c.de\/wp-content\/uploads\/2019\/07\/Portrait-BirgittHuebner.jpg\",\"contentUrl\":\"https:\/\/xn--birgitthbner-logopdin-n2b55c.de\/wp-content\/uploads\/2019\/07\/Portrait-BirgittHuebner.jpg\",\"width\":2362,\"height\":1260,\"caption\":\"Portrait Birgitt H\u00fcbner\"},{\"@type\":\"BreadcrumbList\",\"@id\":\"https:\/\/xn--birgitthbner-logopdin-n2b55c.de\/?page_id=8#breadcrumb\",\"itemListElement\":[{\"@type\":\"ListItem\",\"position\":1,\"name\":\"Home\",\"item\":\"https:\/\/xn--birgitthbner-logopdin-n2b55c.de\/\"},{\"@type\":\"ListItem\",\"position\":2,\"name\":\"\u00dcber Mich\"}]},{\"@type\":\"WebSite\",\"@id\":\"https:\/\/xn--birgitthbner-logopdin-n2b55c.de\/#website\",\"url\":\"https:\/\/xn--birgitthbner-logopdin-n2b55c.de\/\",\"name\":\"Birgitt H\u00fcbner\",\"description\":\"Logop\u00e4die Praxis\",\"publisher\":{\"@id\":\"https:\/\/xn--birgitthbner-logopdin-n2b55c.de\/#organization\"},\"potentialAction\":[{\"@type\":\"SearchAction\",\"target\":{\"@type\":\"EntryPoint\",\"urlTemplate\":\"https:\/\/xn--birgitthbner-logopdin-n2b55c.de\/?s={search_term_string}\"},\"query-input\":{\"@type\":\"PropertyValueSpecification\",\"valueRequired\":true,\"valueName\":\"search_term_string\"}}],\"inLanguage\":\"de\"},{\"@type\":\"Organization\",\"@id\":\"https:\/\/xn--birgitthbner-logopdin-n2b55c.de\/#organization\",\"name\":\"Birgitt H\u00fcbner\",\"url\":\"https:\/\/xn--birgitthbner-logopdin-n2b55c.de\/\",\"logo\":{\"@type\":\"ImageObject\",\"inLanguage\":\"de\",\"@id\":\"https:\/\/xn--birgitthbner-logopdin-n2b55c.de\/#\/schema\/logo\/image\/\",\"url\":\"https:\/\/xn--birgitthbner-logopdin-n2b55c.de\/wp-content\/uploads\/2019\/07\/cropped-cropped-2019-6-LPBH-Signet-9.png\",\"contentUrl\":\"https:\/\/xn--birgitthbner-logopdin-n2b55c.de\/wp-content\/uploads\/2019\/07\/cropped-cropped-2019-6-LPBH-Signet-9.png\",\"width\":390,\"height\":300,\"caption\":\"Birgitt H\u00fcbner\"},\"image\":{\"@id\":\"https:\/\/xn--birgitthbner-logopdin-n2b55c.de\/#\/schema\/logo\/image\/\"}}]}<\/script>\n<!-- \/ Yoast SEO plugin. -->","yoast_head_json":{"title":"\u00dcber Mich - Birgitt H\u00fcbner","robots":{"index":"index","follow":"follow","max-snippet":"max-snippet:-1","max-image-preview":"max-image-preview:large","max-video-preview":"max-video-preview:-1"},"canonical":"https:\/\/xn--birgitthbner-logopdin-n2b55c.de\/?page_id=8","og_locale":"de_DE","og_type":"article","og_title":"\u00dcber Mich - Birgitt H\u00fcbner","og_description":"\u00a0Ausbildung Abitur Ausbildung zur Logop\u00e4din, Saarbr\u00fccken Logop\u00e4din in der logop\u00e4dischen Ambulanz Rehabilitationszentrum Karlsruhe eigene Praxis seit 1990 Gespr\u00e4chsf\u00fchrung nach Milton H. Erickson 2010 Ausbildung zur Qigong-Lehrerin 2010-2012 &#8211; Ausbildungs- und Lehrinstitut Centre Qigong Bernhard Meier, Karlsruhe Ausbildung in angewandter Atemtherapie nach Irene Labryga 2022 Fortbildungen \/ Zusatzausbildungen 2022 Ausbildung zur Atemtherapeutin in &#8222;angwandter Atemtherapie&#8220;, Irene &hellip; \u00dcber Mich weiterlesen","og_url":"https:\/\/xn--birgitthbner-logopdin-n2b55c.de\/?page_id=8","og_site_name":"Birgitt H\u00fcbner","article_modified_time":"2023-02-20T09:52:59+00:00","og_image":[{"width":2362,"height":1260,"url":"https:\/\/xn--birgitthbner-logopdin-n2b55c.de\/wp-content\/uploads\/2019\/07\/Portrait-BirgittHuebner.jpg","type":"image\/jpeg"}],"twitter_card":"summary_large_image","twitter_misc":{"Gesch\u00e4tzte Lesezeit":"2\u00a0Minuten"},"schema":{"@context":"https:\/\/schema.org","@graph":[{"@type":"WebPage","@id":"https:\/\/xn--birgitthbner-logopdin-n2b55c.de\/?page_id=8","url":"https:\/\/xn--birgitthbner-logopdin-n2b55c.de\/?page_id=8","name":"\u00dcber Mich - Birgitt H\u00fcbner","isPartOf":{"@id":"https:\/\/xn--birgitthbner-logopdin-n2b55c.de\/#website"},"primaryImageOfPage":{"@id":"https:\/\/xn--birgitthbner-logopdin-n2b55c.de\/?page_id=8#primaryimage"},"image":{"@id":"https:\/\/xn--birgitthbner-logopdin-n2b55c.de\/?page_id=8#primaryimage"},"thumbnailUrl":"https:\/\/xn--birgitthbner-logopdin-n2b55c.de\/wp-content\/uploads\/2019\/07\/Portrait-BirgittHuebner.jpg","datePublished":"2018-12-03T15:10:23+00:00","dateModified":"2023-02-20T09:52:59+00:00","breadcrumb":{"@id":"https:\/\/xn--birgitthbner-logopdin-n2b55c.de\/?page_id=8#breadcrumb"},"inLanguage":"de","potentialAction":[{"@type":"ReadAction","target":["https:\/\/xn--birgitthbner-logopdin-n2b55c.de\/?page_id=8"]}]},{"@type":"ImageObject","inLanguage":"de","@id":"https:\/\/xn--birgitthbner-logopdin-n2b55c.de\/?page_id=8#primaryimage","url":"https:\/\/xn--birgitthbner-logopdin-n2b55c.de\/wp-content\/uploads\/2019\/07\/Portrait-BirgittHuebner.jpg","contentUrl":"https:\/\/xn--birgitthbner-logopdin-n2b55c.de\/wp-content\/uploads\/2019\/07\/Portrait-BirgittHuebner.jpg","width":2362,"height":1260,"caption":"Portrait Birgitt H\u00fcbner"},{"@type":"BreadcrumbList","@id":"https:\/\/xn--birgitthbner-logopdin-n2b55c.de\/?page_id=8#breadcrumb","itemListElement":[{"@type":"ListItem","position":1,"name":"Home","item":"https:\/\/xn--birgitthbner-logopdin-n2b55c.de\/"},{"@type":"ListItem","position":2,"name":"\u00dcber Mich"}]},{"@type":"WebSite","@id":"https:\/\/xn--birgitthbner-logopdin-n2b55c.de\/#website","url":"https:\/\/xn--birgitthbner-logopdin-n2b55c.de\/","name":"Birgitt H\u00fcbner","description":"Logop\u00e4die Praxis","publisher":{"@id":"https:\/\/xn--birgitthbner-logopdin-n2b55c.de\/#organization"},"potentialAction":[{"@type":"SearchAction","target":{"@type":"EntryPoint","urlTemplate":"https:\/\/xn--birgitthbner-logopdin-n2b55c.de\/?s={search_term_string}"},"query-input":{"@type":"PropertyValueSpecification","valueRequired":true,"valueName":"search_term_string"}}],"inLanguage":"de"},{"@type":"Organization","@id":"https:\/\/xn--birgitthbner-logopdin-n2b55c.de\/#organization","name":"Birgitt H\u00fcbner","url":"https:\/\/xn--birgitthbner-logopdin-n2b55c.de\/","logo":{"@type":"ImageObject","inLanguage":"de","@id":"https:\/\/xn--birgitthbner-logopdin-n2b55c.de\/#\/schema\/logo\/image\/","url":"https:\/\/xn--birgitthbner-logopdin-n2b55c.de\/wp-content\/uploads\/2019\/07\/cropped-cropped-2019-6-LPBH-Signet-9.png","contentUrl":"https:\/\/xn--birgitthbner-logopdin-n2b55c.de\/wp-content\/uploads\/2019\/07\/cropped-cropped-2019-6-LPBH-Signet-9.png","width":390,"height":300,"caption":"Birgitt H\u00fcbner"},"image":{"@id":"https:\/\/xn--birgitthbner-logopdin-n2b55c.de\/#\/schema\/logo\/image\/"}}]}},"_links":{"self":[{"href":"https:\/\/xn--birgitthbner-logopdin-n2b55c.de\/index.php?rest_route=\/wp\/v2\/pages\/8","targetHints":{"allow":["GET"]}}],"collection":[{"href":"https:\/\/xn--birgitthbner-logopdin-n2b55c.de\/index.php?rest_route=\/wp\/v2\/pages"}],"about":[{"href":"https:\/\/xn--birgitthbner-logopdin-n2b55c.de\/index.php?rest_route=\/wp\/v2\/types\/page"}],"author":[{"embeddable":true,"href":"https:\/\/xn--birgitthbner-logopdin-n2b55c.de\/index.php?rest_route=\/wp\/v2\/users\/1"}],"replies":[{"embeddable":true,"href":"https:\/\/xn--birgitthbner-logopdin-n2b55c.de\/index.php?rest_route=%2Fwp%2Fv2%2Fcomments&post=8"}],"version-history":[{"count":2,"href":"https:\/\/xn--birgitthbner-logopdin-n2b55c.de\/index.php?rest_route=\/wp\/v2\/pages\/8\/revisions"}],"predecessor-version":[{"id":411,"href":"https:\/\/xn--birgitthbner-logopdin-n2b55c.de\/index.php?rest_route=\/wp\/v2\/pages\/8\/revisions\/411"}],"wp:featuredmedia":[{"embeddable":true,"href":"https:\/\/xn--birgitthbner-logopdin-n2b55c.de\/index.php?rest_route=\/wp\/v2\/media\/159"}],"wp:attachment":[{"href":"https:\/\/xn--birgitthbner-logopdin-n2b55c.de\/index.php?rest_route=%2Fwp%2Fv2%2Fmedia&parent=8"}],"curies":[{"name":"wp","href":"https:\/\/api.w.org\/{rel}","templated":true}]}}