{"id":91,"date":"2019-06-26T10:32:11","date_gmt":"2019-06-26T10:32:11","guid":{"rendered":"https:\/\/logopaediebirgitthuebner.wordpress.com\/?page_id=91"},"modified":"2025-11-25T08:51:31","modified_gmt":"2025-11-25T08:51:31","slug":"impressum","status":"publish","type":"page","link":"https:\/\/xn--birgitthbner-logopdin-n2b55c.de\/?page_id=91","title":{"rendered":"Impressum &#038; Datenschutz"},"content":{"rendered":"\n<p><\/p>\n\n\n\n<p>Birgitt H\u00fcbner, Logop\u00e4dische Praxis<br>Gerwigstr. 22<br>76131 Karlsruhe<\/p>\n\n\n\n<p>Telefon: 0721\/811248<br>E-Mail: birgitthuebner@web.de<\/p>\n\n\n\n<p>Steuernummer: 42950636814<br>Finanzamt Karlsruhe Stadt<\/p>\n\n\n\n<p><\/p>\n\n\n\n<h2 class=\"wp-block-heading\"><strong>Urheberrecht<\/strong><\/h2>\n\n\n\n<p>Die durch die\nSeitenbetreiber erstellten Inhalte und Werke auf diesen Seiten unterliegen dem\ndeutschen Urheberrecht. Die Vervielf\u00e4ltigung, Bearbeitung, Verbreitung und jede\nArt der Verwertung au\u00dferhalb der Grenzen des Urheberrechtes bed\u00fcrfen der schriftlichen\nZustimmung des jeweiligen Autors bzw. Erstellers. Downloads und Kopien dieser\nSeite sind nur f\u00fcr den privaten, nicht kommerziellen Gebrauch gestattet.<\/p>\n\n\n\n<p>Soweit die Inhalte auf dieser Seite nicht vom Betreiber erstellt wurden, werden die Urheberrechte Dritter beachtet. Insbesondere werden Inhalte Dritter als solche gekennzeichnet. Sollten Sie trotzdem auf eine Urheberrechtsverletzung aufmerksam werden, bitten wir um einen entsprechenden Hinweis. Bei Bekanntwerden von Rechtsverletzungen werden wir derartige Inhalte umgehend entfernen.<\/p>\n\n\n\n<h2 class=\"wp-block-heading\"><strong>Datenschutz<\/strong><\/h2>\n\n\n\n<p>Wir sind uns bewusst, dass der Schutz Ihrer Daten eine gro\u00dfe Verantwortung darstellt und setzen alles daran zu gew\u00e4hrleisten, dass Sie die Kontrolle dar\u00fcber behalten. F\u00fcr alle diesbez\u00fcglichen Anliegen k\u00f6nnen Sie unsere Datenschutzbeauftragte unter den nachfolgenden Kontaktdaten erreichen:<\/p>\n\n\n\n<p>Birgitt H\u00fcbner<br>Gerwigstr. 22<br>76131 Karlsruhe<\/p>\n\n\n\n<p>Telefon: 0721\/811248<br>E-Mail: birgitthuebner@web.de<\/p>\n\n\n\n<h2 class=\"wp-block-heading\"><strong>Datenschutzerkl\u00e4rung<\/strong><\/h2>\n\n\n\n<h4 class=\"wp-block-heading\"><em>Grundlegendes<\/em><\/h4>\n\n\n\n<p>Diese Datenschutzerkl\u00e4rung soll die Nutzer dieser Website \u00fcber die Art, den Umfang und den Zweck der Erhebung und Verwendung personenbezogener Daten durch Birgitt H\u00fcbner, Logop\u00e4dische Praxis.<\/p>\n\n\n\n<p>Der Websitebetreiber nimmt Ihren Datenschutz sehr ernst und behandelt Ihre personenbezogenen Daten vertraulich und entsprechend der gesetzlichen Vorschriften. Da durch neue Technologien und die st\u00e4ndige Weiterentwicklung dieser Webseite \u00c4nderungen an dieser Datenschutzerkl\u00e4rung vorgenommen werden k\u00f6nnen, empfehlen wir Ihnen sich die Datenschutzerkl\u00e4rung in regelm\u00e4\u00dfigen Abst\u00e4nden wieder durchzulesen.<\/p>\n\n\n\n<p>Definitionen der verwendeten Begriffe (z.B. \u201cpersonenbezogene Daten\u201d oder \u201cVerarbeitung\u201d) finden Sie in Art. 4 DSGVO.<\/p>\n\n\n\n<h4 class=\"wp-block-heading\"><em>Zugriffsdaten<\/em><\/h4>\n\n\n\n<p>Wir erheben aufgrund unseres berechtigten Interesses (s. Art. 6 Abs. 1 lit. f. DSGVO) Daten \u00fcber Zugriffe auf die Website und speichern diese als \u201eServer-Logfiles\u201c auf dem Server der Website ab. Folgende Daten werden so protokolliert:<\/p>\n\n\n\n<ul class=\"wp-block-list\">\n<li>Besuchte Website<\/li>\n\n\n\n<li>Uhrzeit zum Zeitpunkt des Zugriffes<\/li>\n\n\n\n<li>Menge der gesendeten Daten in Byte<\/li>\n\n\n\n<li>Quelle\/Verweis, von welchem Sie auf die Seite gelangten<\/li>\n\n\n\n<li>Verwendeter Browser<\/li>\n\n\n\n<li>Verwendetes Betriebssystem<\/li>\n\n\n\n<li>Verwendete IP-Adresse<\/li>\n<\/ul>\n\n\n\n<p>Die Server-Logfiles werden f\u00fcr maximal 7 Tage gespeichert und anschlie\u00dfend gel\u00f6scht. Die Speicherung der Daten erfolgt aus Sicherheitsgr\u00fcnden, um z. B. Missbrauchsf\u00e4lle aufkl\u00e4ren zu k\u00f6nnen. M\u00fcssen Daten aus Beweisgr\u00fcnden aufgehoben werden, sind sie solange von der L\u00f6schung ausgenommen bis der Vorfall endg\u00fcltig gekl\u00e4rt ist.<\/p>\n\n\n\n<h4 class=\"wp-block-heading\"><em>Erfassung und Verarbeitung personenbezogener Daten<\/em><\/h4>\n\n\n\n<p>Der Websitebetreiber erhebt, nutzt und gibt Ihre personenbezogenen Daten nur dann weiter, wenn dies im gesetzlichen Rahmen erlaubt ist oder Sie in die Datenerhebung einwilligen.<br>Als personenbezogene Daten gelten s\u00e4mtliche Informationen, welche dazu dienen, Ihre Person zu bestimmen und welche zu Ihnen zur\u00fcckverfolgt werden k\u00f6nnen \u2013 also beispielsweise Ihr Name, Ihre E-Mail-Adresse und Telefonnummer.<\/p>\n\n\n\n<p>Diese Website k\u00f6nnen Sie auch besuchen, ohne Angaben zu Ihrer Person zu machen. Zur Verbesserung unseres Online-Angebotes speichern wir jedoch (ohne Personenbezug) Ihre Zugriffsdaten auf diese Website. Zu diesen Zugriffsdaten geh\u00f6ren z. B. die von Ihnen angeforderte Datei oder der Name Ihres Internet-Providers. Durch die Anonymisierung der Daten sind R\u00fcckschl\u00fcsse auf Ihre Person nicht m\u00f6glich.<\/p>\n\n\n\n<h4 class=\"wp-block-heading\"><em>Cookies und Analyse<\/em><\/h4>\n\n\n\n<p>Beim Besuch unserer Website kann Ihr Surf-Verhalten statistisch ausgewertet werden. Das geschieht vor allem mit Cookies und mit sogenannten Analyseprogrammen. Die Analyse Ihres Surf-Verhaltens erfolgt in der Regel anonym; das Surf-Verhalten kann nicht zu Ihnen zur\u00fcckverfolgt werden. Sie k\u00f6nnen dieser Analyse widersprechen oder sie durch die Nichtbenutzung bestimmter Tools verhindern.<\/p>\n\n\n\n<h4 class=\"wp-block-heading\"><em>Umgang mit Kontaktdaten<\/em><\/h4>\n\n\n\n<p>Nehmen Sie mit uns als Websitebetreiber durch die angebotenen Kontaktm\u00f6glichkeiten Verbindung auf, werden Ihre Angaben gespeichert, damit auf diese zur Bearbeitung und Beantwortung Ihrer Anfrage zur\u00fcckgegriffen werden kann. Ohne Ihre Einwilligung werden diese Daten nicht an Dritte weitergegeben.<\/p>\n\n\n\n<h4 class=\"wp-block-heading\"><em>Rechte des Nutzers<\/em><\/h4>\n\n\n\n<p>Sie haben als Nutzer das Recht, auf Antrag eine kostenlose Auskunft dar\u00fcber zu erhalten, welche personenbezogenen Daten \u00fcber Sie gespeichert wurden. Sie haben au\u00dferdem das Recht auf Berichtigung falscher Daten und auf die Verarbeitungseinschr\u00e4nkung oder L\u00f6schung Ihrer personenbezogenen Daten. Falls zutreffend, k\u00f6nnen Sie auch Ihr Recht auf Datenportabilit\u00e4t geltend machen. Sollten Sie annehmen, dass Ihre Daten unrechtm\u00e4\u00dfig verarbeitet wurden, k\u00f6nnen Sie eine Beschwerde bei der zust\u00e4ndigen Aufsichtsbeh\u00f6rde einreichen.<\/p>\n\n\n\n<h4 class=\"wp-block-heading\"><em>L\u00f6schung von Daten<\/em><\/h4>\n\n\n\n<p>Sofern Ihr Wunsch nicht mit einer gesetzlichen Pflicht zur Aufbewahrung von Daten (z. B. Vorratsdatenspeicherung) kollidiert, haben Sie ein Anrecht auf L\u00f6schung Ihrer Daten. Von uns gespeicherte Daten werden, sollten sie f\u00fcr ihre Zweckbestimmung nicht mehr vonn\u00f6ten sein und es keine gesetzlichen Aufbewahrungsfristen geben, gel\u00f6scht. Falls eine L\u00f6schung nicht durchgef\u00fchrt werden kann, da die Daten f\u00fcr zul\u00e4ssige gesetzliche Zwecke erforderlich sind, erfolgt eine Einschr\u00e4nkung der Datenverarbeitung. In diesem Fall werden die Daten gesperrt und nicht f\u00fcr andere Zwecke verarbeitet.<\/p>\n\n\n\n<h4 class=\"wp-block-heading\"><em>Widerspruchsrecht<\/em><\/h4>\n\n\n\n<p>Nutzer dieser Webseite k\u00f6nnen von ihrem Widerspruchsrecht Gebrauch machen und der Verarbeitung ihrer personenbezogenen Daten zu jeder Zeit widersprechen.<\/p>\n\n\n\n<p>Wenn Sie eine Berichtigung, Sperrung, L\u00f6schung oder Auskunft \u00fcber die zu Ihrer Person gespeicherten personenbezogenen Daten w\u00fcnschen oder Fragen bzgl. der Erhebung, Verarbeitung oder Verwendung Ihrer personenbezogenen Daten haben oder erteilte Einwilligungen widerrufen m\u00f6chten, wenden Sie sich bitte an folgende E-Mail-Adresse: birgitthuebner@web.de.<\/p>\n","protected":false},"excerpt":{"rendered":"<p>Birgitt H\u00fcbner, Logop\u00e4dische PraxisGerwigstr. 2276131 Karlsruhe Telefon: 0721\/811248E-Mail: birgitthuebner@web.de Steuernummer: 42950636814Finanzamt Karlsruhe Stadt Urheberrecht Die durch die Seitenbetreiber erstellten Inhalte und Werke auf diesen Seiten unterliegen dem deutschen Urheberrecht. Die Vervielf\u00e4ltigung, Bearbeitung, Verbreitung und jede Art der Verwertung au\u00dferhalb der Grenzen des Urheberrechtes bed\u00fcrfen der schriftlichen Zustimmung des jeweiligen Autors bzw. Erstellers. Downloads und Kopien &hellip; <a href=\"https:\/\/xn--birgitthbner-logopdin-n2b55c.de\/?page_id=91\" class=\"more-link\"><span class=\"screen-reader-text\">Impressum &#038; Datenschutz<\/span> weiterlesen<\/a><\/p>\n","protected":false},"author":1,"featured_media":0,"parent":57,"menu_order":0,"comment_status":"closed","ping_status":"closed","template":"","meta":{"footnotes":""},"class_list":["post-91","page","type-page","status-publish","hentry"],"yoast_head":"<!-- This site is optimized with the Yoast SEO plugin v26.4 - https:\/\/yoast.com\/wordpress\/plugins\/seo\/ -->\n<title>Impressum &amp; Datenschutz - Birgitt H\u00fcbner<\/title>\n<meta name=\"robots\" content=\"index, follow, max-snippet:-1, max-image-preview:large, max-video-preview:-1\" \/>\n<link rel=\"canonical\" href=\"https:\/\/xn--birgitthbner-logopdin-n2b55c.de\/?page_id=91\" \/>\n<meta property=\"og:locale\" content=\"de_DE\" \/>\n<meta property=\"og:type\" content=\"article\" \/>\n<meta property=\"og:title\" content=\"Impressum &amp; Datenschutz - Birgitt H\u00fcbner\" \/>\n<meta property=\"og:description\" content=\"Birgitt H\u00fcbner, Logop\u00e4dische PraxisGerwigstr. 2276131 Karlsruhe Telefon: 0721\/811248E-Mail: birgitthuebner@web.de Steuernummer: 42950636814Finanzamt Karlsruhe Stadt Urheberrecht Die durch die Seitenbetreiber erstellten Inhalte und Werke auf diesen Seiten unterliegen dem deutschen Urheberrecht. Die Vervielf\u00e4ltigung, Bearbeitung, Verbreitung und jede Art der Verwertung au\u00dferhalb der Grenzen des Urheberrechtes bed\u00fcrfen der schriftlichen Zustimmung des jeweiligen Autors bzw. Erstellers. Downloads und Kopien &hellip; Impressum &#038; Datenschutz weiterlesen\" \/>\n<meta property=\"og:url\" content=\"https:\/\/xn--birgitthbner-logopdin-n2b55c.de\/?page_id=91\" \/>\n<meta property=\"og:site_name\" content=\"Birgitt H\u00fcbner\" \/>\n<meta property=\"article:modified_time\" content=\"2025-11-25T08:51:31+00:00\" \/>\n<meta name=\"twitter:card\" content=\"summary_large_image\" \/>\n<meta name=\"twitter:label1\" content=\"Gesch\u00e4tzte Lesezeit\" \/>\n\t<meta name=\"twitter:data1\" content=\"5\u00a0Minuten\" \/>\n<script type=\"application\/ld+json\" class=\"yoast-schema-graph\">{\"@context\":\"https:\/\/schema.org\",\"@graph\":[{\"@type\":\"WebPage\",\"@id\":\"https:\/\/xn--birgitthbner-logopdin-n2b55c.de\/?page_id=91\",\"url\":\"https:\/\/xn--birgitthbner-logopdin-n2b55c.de\/?page_id=91\",\"name\":\"Impressum & Datenschutz - Birgitt H\u00fcbner\",\"isPartOf\":{\"@id\":\"https:\/\/xn--birgitthbner-logopdin-n2b55c.de\/#website\"},\"datePublished\":\"2019-06-26T10:32:11+00:00\",\"dateModified\":\"2025-11-25T08:51:31+00:00\",\"breadcrumb\":{\"@id\":\"https:\/\/xn--birgitthbner-logopdin-n2b55c.de\/?page_id=91#breadcrumb\"},\"inLanguage\":\"de\",\"potentialAction\":[{\"@type\":\"ReadAction\",\"target\":[\"https:\/\/xn--birgitthbner-logopdin-n2b55c.de\/?page_id=91\"]}]},{\"@type\":\"BreadcrumbList\",\"@id\":\"https:\/\/xn--birgitthbner-logopdin-n2b55c.de\/?page_id=91#breadcrumb\",\"itemListElement\":[{\"@type\":\"ListItem\",\"position\":1,\"name\":\"Home\",\"item\":\"https:\/\/xn--birgitthbner-logopdin-n2b55c.de\/\"},{\"@type\":\"ListItem\",\"position\":2,\"name\":\"Kontakt\",\"item\":\"https:\/\/xn--birgitthbner-logopdin-n2b55c.de\/?page_id=57\"},{\"@type\":\"ListItem\",\"position\":3,\"name\":\"Impressum &#038; Datenschutz\"}]},{\"@type\":\"WebSite\",\"@id\":\"https:\/\/xn--birgitthbner-logopdin-n2b55c.de\/#website\",\"url\":\"https:\/\/xn--birgitthbner-logopdin-n2b55c.de\/\",\"name\":\"Birgitt H\u00fcbner\",\"description\":\"Logop\u00e4die Praxis\",\"publisher\":{\"@id\":\"https:\/\/xn--birgitthbner-logopdin-n2b55c.de\/#organization\"},\"potentialAction\":[{\"@type\":\"SearchAction\",\"target\":{\"@type\":\"EntryPoint\",\"urlTemplate\":\"https:\/\/xn--birgitthbner-logopdin-n2b55c.de\/?s={search_term_string}\"},\"query-input\":{\"@type\":\"PropertyValueSpecification\",\"valueRequired\":true,\"valueName\":\"search_term_string\"}}],\"inLanguage\":\"de\"},{\"@type\":\"Organization\",\"@id\":\"https:\/\/xn--birgitthbner-logopdin-n2b55c.de\/#organization\",\"name\":\"Birgitt H\u00fcbner\",\"url\":\"https:\/\/xn--birgitthbner-logopdin-n2b55c.de\/\",\"logo\":{\"@type\":\"ImageObject\",\"inLanguage\":\"de\",\"@id\":\"https:\/\/xn--birgitthbner-logopdin-n2b55c.de\/#\/schema\/logo\/image\/\",\"url\":\"https:\/\/xn--birgitthbner-logopdin-n2b55c.de\/wp-content\/uploads\/2019\/07\/cropped-cropped-2019-6-LPBH-Signet-9.png\",\"contentUrl\":\"https:\/\/xn--birgitthbner-logopdin-n2b55c.de\/wp-content\/uploads\/2019\/07\/cropped-cropped-2019-6-LPBH-Signet-9.png\",\"width\":390,\"height\":300,\"caption\":\"Birgitt H\u00fcbner\"},\"image\":{\"@id\":\"https:\/\/xn--birgitthbner-logopdin-n2b55c.de\/#\/schema\/logo\/image\/\"}}]}<\/script>\n<!-- \/ Yoast SEO plugin. -->","yoast_head_json":{"title":"Impressum & Datenschutz - Birgitt H\u00fcbner","robots":{"index":"index","follow":"follow","max-snippet":"max-snippet:-1","max-image-preview":"max-image-preview:large","max-video-preview":"max-video-preview:-1"},"canonical":"https:\/\/xn--birgitthbner-logopdin-n2b55c.de\/?page_id=91","og_locale":"de_DE","og_type":"article","og_title":"Impressum & Datenschutz - Birgitt H\u00fcbner","og_description":"Birgitt H\u00fcbner, Logop\u00e4dische PraxisGerwigstr. 2276131 Karlsruhe Telefon: 0721\/811248E-Mail: birgitthuebner@web.de Steuernummer: 42950636814Finanzamt Karlsruhe Stadt Urheberrecht Die durch die Seitenbetreiber erstellten Inhalte und Werke auf diesen Seiten unterliegen dem deutschen Urheberrecht. Die Vervielf\u00e4ltigung, Bearbeitung, Verbreitung und jede Art der Verwertung au\u00dferhalb der Grenzen des Urheberrechtes bed\u00fcrfen der schriftlichen Zustimmung des jeweiligen Autors bzw. Erstellers. Downloads und Kopien &hellip; Impressum &#038; Datenschutz weiterlesen","og_url":"https:\/\/xn--birgitthbner-logopdin-n2b55c.de\/?page_id=91","og_site_name":"Birgitt H\u00fcbner","article_modified_time":"2025-11-25T08:51:31+00:00","twitter_card":"summary_large_image","twitter_misc":{"Gesch\u00e4tzte Lesezeit":"5\u00a0Minuten"},"schema":{"@context":"https:\/\/schema.org","@graph":[{"@type":"WebPage","@id":"https:\/\/xn--birgitthbner-logopdin-n2b55c.de\/?page_id=91","url":"https:\/\/xn--birgitthbner-logopdin-n2b55c.de\/?page_id=91","name":"Impressum & Datenschutz - Birgitt H\u00fcbner","isPartOf":{"@id":"https:\/\/xn--birgitthbner-logopdin-n2b55c.de\/#website"},"datePublished":"2019-06-26T10:32:11+00:00","dateModified":"2025-11-25T08:51:31+00:00","breadcrumb":{"@id":"https:\/\/xn--birgitthbner-logopdin-n2b55c.de\/?page_id=91#breadcrumb"},"inLanguage":"de","potentialAction":[{"@type":"ReadAction","target":["https:\/\/xn--birgitthbner-logopdin-n2b55c.de\/?page_id=91"]}]},{"@type":"BreadcrumbList","@id":"https:\/\/xn--birgitthbner-logopdin-n2b55c.de\/?page_id=91#breadcrumb","itemListElement":[{"@type":"ListItem","position":1,"name":"Home","item":"https:\/\/xn--birgitthbner-logopdin-n2b55c.de\/"},{"@type":"ListItem","position":2,"name":"Kontakt","item":"https:\/\/xn--birgitthbner-logopdin-n2b55c.de\/?page_id=57"},{"@type":"ListItem","position":3,"name":"Impressum &#038; Datenschutz"}]},{"@type":"WebSite","@id":"https:\/\/xn--birgitthbner-logopdin-n2b55c.de\/#website","url":"https:\/\/xn--birgitthbner-logopdin-n2b55c.de\/","name":"Birgitt H\u00fcbner","description":"Logop\u00e4die Praxis","publisher":{"@id":"https:\/\/xn--birgitthbner-logopdin-n2b55c.de\/#organization"},"potentialAction":[{"@type":"SearchAction","target":{"@type":"EntryPoint","urlTemplate":"https:\/\/xn--birgitthbner-logopdin-n2b55c.de\/?s={search_term_string}"},"query-input":{"@type":"PropertyValueSpecification","valueRequired":true,"valueName":"search_term_string"}}],"inLanguage":"de"},{"@type":"Organization","@id":"https:\/\/xn--birgitthbner-logopdin-n2b55c.de\/#organization","name":"Birgitt H\u00fcbner","url":"https:\/\/xn--birgitthbner-logopdin-n2b55c.de\/","logo":{"@type":"ImageObject","inLanguage":"de","@id":"https:\/\/xn--birgitthbner-logopdin-n2b55c.de\/#\/schema\/logo\/image\/","url":"https:\/\/xn--birgitthbner-logopdin-n2b55c.de\/wp-content\/uploads\/2019\/07\/cropped-cropped-2019-6-LPBH-Signet-9.png","contentUrl":"https:\/\/xn--birgitthbner-logopdin-n2b55c.de\/wp-content\/uploads\/2019\/07\/cropped-cropped-2019-6-LPBH-Signet-9.png","width":390,"height":300,"caption":"Birgitt H\u00fcbner"},"image":{"@id":"https:\/\/xn--birgitthbner-logopdin-n2b55c.de\/#\/schema\/logo\/image\/"}}]}},"_links":{"self":[{"href":"https:\/\/xn--birgitthbner-logopdin-n2b55c.de\/index.php?rest_route=\/wp\/v2\/pages\/91","targetHints":{"allow":["GET"]}}],"collection":[{"href":"https:\/\/xn--birgitthbner-logopdin-n2b55c.de\/index.php?rest_route=\/wp\/v2\/pages"}],"about":[{"href":"https:\/\/xn--birgitthbner-logopdin-n2b55c.de\/index.php?rest_route=\/wp\/v2\/types\/page"}],"author":[{"embeddable":true,"href":"https:\/\/xn--birgitthbner-logopdin-n2b55c.de\/index.php?rest_route=\/wp\/v2\/users\/1"}],"replies":[{"embeddable":true,"href":"https:\/\/xn--birgitthbner-logopdin-n2b55c.de\/index.php?rest_route=%2Fwp%2Fv2%2Fcomments&post=91"}],"version-history":[{"count":5,"href":"https:\/\/xn--birgitthbner-logopdin-n2b55c.de\/index.php?rest_route=\/wp\/v2\/pages\/91\/revisions"}],"predecessor-version":[{"id":444,"href":"https:\/\/xn--birgitthbner-logopdin-n2b55c.de\/index.php?rest_route=\/wp\/v2\/pages\/91\/revisions\/444"}],"up":[{"embeddable":true,"href":"https:\/\/xn--birgitthbner-logopdin-n2b55c.de\/index.php?rest_route=\/wp\/v2\/pages\/57"}],"wp:attachment":[{"href":"https:\/\/xn--birgitthbner-logopdin-n2b55c.de\/index.php?rest_route=%2Fwp%2Fv2%2Fmedia&parent=91"}],"curies":[{"name":"wp","href":"https:\/\/api.w.org\/{rel}","templated":true}]}}